{"id":1376,"date":"2016-10-19T06:19:53","date_gmt":"2016-10-19T06:19:53","guid":{"rendered":"https:\/\/mff.ergatesweb7.ovh\/politica-privacitat\/"},"modified":"2024-09-19T15:45:03","modified_gmt":"2024-09-19T15:45:03","slug":"politica-de-privacitat","status":"publish","type":"page","link":"https:\/\/moviesforfestivals.com\/ca\/politica-de-privacitat\/","title":{"rendered":"Pol\u00edtica de privacitat"},"content":{"rendered":"<div  class='flex_column av-245iz-40da7f7c483aa7767d92e6a5cb15979d av_one_full  avia-builder-el-0  avia-builder-el-no-sibling  first flex_column_div  '     ><p>\n<style type=\"text\/css\" data-created_by=\"avia_inline_auto\" id=\"style-css-av-zuaj-a7dac26231f433406b4c499fa2643327\">\n#top .av-special-heading.av-zuaj-a7dac26231f433406b4c499fa2643327{\npadding-bottom:10px;\n}\nbody .av-special-heading.av-zuaj-a7dac26231f433406b4c499fa2643327 .av-special-heading-tag .heading-char{\nfont-size:25px;\n}\n.av-special-heading.av-zuaj-a7dac26231f433406b4c499fa2643327 .av-subheading{\nfont-size:15px;\n}\n<\/style>\n<div  class='av-special-heading av-zuaj-a7dac26231f433406b4c499fa2643327 av-special-heading-h1 blockquote modern-quote  avia-builder-el-1  el_before_av_textblock  avia-builder-el-first '><h1 class='av-special-heading-tag '  itemprop=\"headline\"  >Pol\u00edtica de privacitat<\/h1><div class=\"special-heading-border\"><div class=\"special-heading-inner-border\"><\/div><\/div><\/div><br \/>\n<section  class='av_textblock_section av-11b5b-f13d07a76b55ffea92228f1bde1ffbce '   itemscope=\"itemscope\" itemtype=\"https:\/\/schema.org\/CreativeWork\" ><div class='avia_textblock'  itemprop=\"text\" ><p>El present document de Tractament de Dades Personals t\u00e9 per objecte donar a con\u00e8ixer el m\u00e8tode en que es recullen, tracten i protegeixen les dades de car\u00e0cter personal recollides a trav\u00e9s del lloc web, amb la finalitat que els usuaris determinin lliurement i volunt\u00e0riament si desitgen facilitar les seves dades personals a trav\u00e9s del present lloc web.<\/p>\n<p>L\u2019acc\u00e9s i \u00fas del lloc web, un cop donat el consentiment expr\u00e9s marcant la corresponent casella per part de l\u2019usuari, implica la plena acceptaci\u00f3 del present document sobre Tractament de Dades Personals i s\u2019obliga a complir en la seva totalitat els termes i condicions recollits en el mateix. Per tant, l\u2019usuari ha de llegir atentament el present document en cada una de les ocasions en que es proposi utilitzar el lloc web, ja que aquest pot tenir modificacions.<\/p>\n<p>El present document ser\u00e0 v\u00e0lid \u00fanicament per les dades de car\u00e0cter personal obtingudes des del lloc web, i no \u00e9s aplicable per aquella informaci\u00f3 recollida per tercers en altres p\u00e0gines web, fins i tot si aquestes es troben enlla\u00e7ades des d&#8217;aquest mateix lloc web.<\/p>\n<h3>Qui \u00e9s el responsable del tractament de les seves dades?<\/h3>\n<p>El responsable de les dades \u00e9s Johanna Tonini en endavant L\u2019EMPRESA,<\/p>\n<ul>\n<li>La seva denominaci\u00f3 social \u00e9s: Johanna Tonini<\/li>\n<li>El seu nom comercial \u00e9s: Movies for Festivals.<\/li>\n<li>El seu CIF \u00e9s: X4763024T.<\/li>\n<li>El seu domicili social \u00e9s: C\/Arago 336, 08009 Barcelona<\/li>\n<\/ul>\n<p>L\u2019EMPRESA l&#8217;informa que aquestes dades seran tractades de conformitat amb el que disposen les normatives vigents en protecci\u00f3 de dades personals, el Reglament (UE) 2016\/679 de 27 d&#8217;abril de 2016 (RGPD). Pel que se li facilita la seg\u00fcent informaci\u00f3 del tractament:<\/p>\n<h3>Amb quina finalitat tractem les seves dades personals?<\/h3>\n<p>Tractem la informaci\u00f3 que ens faciliten les persones interessades per tal de realitzar la prospecci\u00f3 d&#8217;enviament de comunicacions comercials a base a l&#8217;inter\u00e8s demostrat sobre els nostres productes i serveis.<\/p>\n<h3>Per quant de temps conservarem les seves dades?<\/h3>\n<p>Les dades es conservaran durant 10 anys.<\/p>\n<h3>Quina \u00e9s la legitimaci\u00f3 per al tractament de les seves dades?<\/h3>\n<p>Les dades personals que tractem en L\u2019EMPRESA procedeixen del propi interessat, qui ha acceptat el consentiment t\u00e0cit conforme es poden utilitzar les dades per les finalitats esmentades.<\/p>\n<h3>A qui es cediran les seves dades?<\/h3>\n<p>No es cediran les dades a tercers, excepte en casos d&#8217;obligaci\u00f3 legal.<\/p>\n<h3>Transfer\u00e8ncies de dades a tercers pa\u00efsos?<\/h3>\n<p>No estan previstes les transfer\u00e8ncies de dades a tercers pa\u00efsos.<\/p>\n<h3>Quins s\u00f3n els seus drets quan ens facilita les seves dades?<\/h3>\n<p>T\u00e9 dret a obtenir confirmaci\u00f3 sobre si a L\u2019EMPRESA estem tractant dades personals que els concerneixin, o no.<\/p>\n<p>Les persones interessades tenen dret a accedir a les seves dades personals, aix\u00ed com a sol\u00b7licitar la rectificaci\u00f3 de les dades inexactes o, si escau, sol\u00b7licitar la seva supressi\u00f3 quan, entre d&#8217;altres motius, les dades ja no siguin necessaris per als fins que van ser recollides.<\/p>\n<p>En determinades circumst\u00e0ncies, els interessats podran sol\u00b7licitar la limitaci\u00f3 del tractament de les seves dades, en aquest cas \u00fanicament els conservarem per a l&#8217;exercici o la defensa de reclamacions.<\/p>\n<p>En determinades circumst\u00e0ncies i per motius relacionats amb la seva situaci\u00f3 particular, els interessats podran oposar-se al tractament de les seves dades. En aquest cas, L\u2019EMPRESA deixar\u00e0 de tractar les dades, excepte per motius leg\u00edtims imperiosos, o l&#8217;exercici o la defensa de possibles reclamacions.<\/p>\n<p>Vost\u00e8 podr\u00e0 exercir materialment els seus drets de la seg\u00fcent manera: T\u00e9 dret a accedir, rectificar i suprimir les dades, aix\u00ed com altres drets, indicats a la informaci\u00f3 addicional, que pot exercir dirigint-se a l&#8217;adre\u00e7a del responsable del tractament.<\/p>\n<p>Si ha atorgat el seu consentiment per a alguna finalitat concreta, t\u00e9 dret a retirar el consentiment atorgat en qualsevol moment, sense que aix\u00f2 afecti la licitud del tractament basat en el consentiment previ a la seva retirada.<\/p>\n<p>En cas que senti vulnerats els seus drets pel que fa a la protecci\u00f3 de les seves dades personals, especialment quan no hagi obtingut satisfacci\u00f3 en l&#8217;exercici dels seus drets, pot presentar una reclamaci\u00f3 davant l&#8217;Autoritat de Control en mat\u00e8ria de protecci\u00f3 de dades competent a trav\u00e9s del seu lloc web: www.agpd.es.<\/p>\n<h3>Quines dades es guarden als nostres sistemes?<\/h3>\n<p>Les categories de dades que es tracten s\u00f3n:<\/p>\n<ul>\n<li>Dades identificatives.<\/li>\n<li>Adreces postals i electr\u00f2niques.<\/li>\n<li>Informaci\u00f3 comercial.<\/li>\n<\/ul>\n<p>No es tracten categories especials de dades personals (s\u00f3n aquelles dades que revelin l&#8217;origen \u00e8tnic o racial, les opinions pol\u00edtiques, les conviccions religioses o filos\u00f2fiques, o l&#8217;afiliaci\u00f3 sindical, dades gen\u00e8tiques, dades biom\u00e8triques dirigits a identificar de manera un\u00edvoca a una persona f\u00edsica , dades relatives a la salut o dades relatives a la vida sexual o l&#8217;orientaci\u00f3 sexual d&#8217;una persona f\u00edsica).<\/p>\n<\/div><\/section><\/p><\/div>\n","protected":false},"excerpt":{"rendered":"","protected":false},"author":3,"featured_media":0,"parent":0,"menu_order":0,"comment_status":"closed","ping_status":"closed","template":"","meta":{"footnotes":""},"class_list":["post-1376","page","type-page","status-publish","hentry"],"yoast_head":"<!-- This site is optimized with the Yoast SEO plugin v27.3 - https:\/\/yoast.com\/product\/yoast-seo-wordpress\/ -->\n<title>Pol\u00edtica de privacitat - Movies For Festivals<\/title>\n<meta name=\"robots\" content=\"index, follow, max-snippet:-1, max-image-preview:large, max-video-preview:-1\" \/>\n<link rel=\"canonical\" href=\"https:\/\/moviesforfestivals.com\/politica-privacidad\/\" \/>\n<meta property=\"og:locale\" content=\"ca_ES\" \/>\n<meta property=\"og:type\" content=\"article\" \/>\n<meta property=\"og:title\" content=\"Pol\u00edtica de privacitat - Movies For Festivals\" \/>\n<meta property=\"og:url\" content=\"https:\/\/moviesforfestivals.com\/politica-privacidad\/\" \/>\n<meta property=\"og:site_name\" content=\"Movies For Festivals\" \/>\n<meta property=\"article:modified_time\" content=\"2024-09-19T15:45:03+00:00\" \/>\n<meta name=\"twitter:card\" content=\"summary_large_image\" \/>\n<meta name=\"twitter:label1\" content=\"Temps estimat de lectura\" \/>\n\t<meta name=\"twitter:data1\" content=\"4 minuts\" \/>\n<script type=\"application\/ld+json\" class=\"yoast-schema-graph\">{\"@context\":\"https:\\\/\\\/schema.org\",\"@graph\":[{\"@type\":\"WebPage\",\"@id\":\"https:\\\/\\\/moviesforfestivals.com\\\/politica-privacidad\\\/\",\"url\":\"https:\\\/\\\/moviesforfestivals.com\\\/politica-privacidad\\\/\",\"name\":\"Pol\u00edtica de privacitat - Movies For Festivals\",\"isPartOf\":{\"@id\":\"https:\\\/\\\/moviesforfestivals.com\\\/#website\"},\"datePublished\":\"2016-10-19T06:19:53+00:00\",\"dateModified\":\"2024-09-19T15:45:03+00:00\",\"breadcrumb\":{\"@id\":\"https:\\\/\\\/moviesforfestivals.com\\\/politica-privacidad\\\/#breadcrumb\"},\"inLanguage\":\"ca\",\"potentialAction\":[{\"@type\":\"ReadAction\",\"target\":[\"https:\\\/\\\/moviesforfestivals.com\\\/politica-privacidad\\\/\"]}]},{\"@type\":\"BreadcrumbList\",\"@id\":\"https:\\\/\\\/moviesforfestivals.com\\\/politica-privacidad\\\/#breadcrumb\",\"itemListElement\":[{\"@type\":\"ListItem\",\"position\":1,\"name\":\"Inici\",\"item\":\"https:\\\/\\\/moviesforfestivals.com\\\/ca\\\/movies-for-festivals\\\/\"},{\"@type\":\"ListItem\",\"position\":2,\"name\":\"Pol\u00edtica de privacitat\"}]},{\"@type\":\"WebSite\",\"@id\":\"https:\\\/\\\/moviesforfestivals.com\\\/#website\",\"url\":\"https:\\\/\\\/moviesforfestivals.com\\\/\",\"name\":\"Movies For Festivals\",\"description\":\"Promotion &amp; film festival strategies\",\"publisher\":{\"@id\":\"https:\\\/\\\/moviesforfestivals.com\\\/#organization\"},\"potentialAction\":[{\"@type\":\"SearchAction\",\"target\":{\"@type\":\"EntryPoint\",\"urlTemplate\":\"https:\\\/\\\/moviesforfestivals.com\\\/?s={search_term_string}\"},\"query-input\":{\"@type\":\"PropertyValueSpecification\",\"valueRequired\":true,\"valueName\":\"search_term_string\"}}],\"inLanguage\":\"ca\"},{\"@type\":\"Organization\",\"@id\":\"https:\\\/\\\/moviesforfestivals.com\\\/#organization\",\"name\":\"Movies For Festivals\",\"url\":\"https:\\\/\\\/moviesforfestivals.com\\\/\",\"logo\":{\"@type\":\"ImageObject\",\"inLanguage\":\"ca\",\"@id\":\"https:\\\/\\\/moviesforfestivals.com\\\/#\\\/schema\\\/logo\\\/image\\\/\",\"url\":\"https:\\\/\\\/moviesforfestivals.com\\\/wp-content\\\/uploads\\\/2023\\\/07\\\/Logo-MFF-NEGRE.png\",\"contentUrl\":\"https:\\\/\\\/moviesforfestivals.com\\\/wp-content\\\/uploads\\\/2023\\\/07\\\/Logo-MFF-NEGRE.png\",\"width\":141,\"height\":65,\"caption\":\"Movies For Festivals\"},\"image\":{\"@id\":\"https:\\\/\\\/moviesforfestivals.com\\\/#\\\/schema\\\/logo\\\/image\\\/\"}}]}<\/script>\n<!-- \/ Yoast SEO plugin. -->","yoast_head_json":{"title":"Pol\u00edtica de privacitat - Movies For Festivals","robots":{"index":"index","follow":"follow","max-snippet":"max-snippet:-1","max-image-preview":"max-image-preview:large","max-video-preview":"max-video-preview:-1"},"canonical":"https:\/\/moviesforfestivals.com\/politica-privacidad\/","og_locale":"ca_ES","og_type":"article","og_title":"Pol\u00edtica de privacitat - Movies For Festivals","og_url":"https:\/\/moviesforfestivals.com\/politica-privacidad\/","og_site_name":"Movies For Festivals","article_modified_time":"2024-09-19T15:45:03+00:00","twitter_card":"summary_large_image","twitter_misc":{"Temps estimat de lectura":"4 minuts"},"schema":{"@context":"https:\/\/schema.org","@graph":[{"@type":"WebPage","@id":"https:\/\/moviesforfestivals.com\/politica-privacidad\/","url":"https:\/\/moviesforfestivals.com\/politica-privacidad\/","name":"Pol\u00edtica de privacitat - Movies For Festivals","isPartOf":{"@id":"https:\/\/moviesforfestivals.com\/#website"},"datePublished":"2016-10-19T06:19:53+00:00","dateModified":"2024-09-19T15:45:03+00:00","breadcrumb":{"@id":"https:\/\/moviesforfestivals.com\/politica-privacidad\/#breadcrumb"},"inLanguage":"ca","potentialAction":[{"@type":"ReadAction","target":["https:\/\/moviesforfestivals.com\/politica-privacidad\/"]}]},{"@type":"BreadcrumbList","@id":"https:\/\/moviesforfestivals.com\/politica-privacidad\/#breadcrumb","itemListElement":[{"@type":"ListItem","position":1,"name":"Inici","item":"https:\/\/moviesforfestivals.com\/ca\/movies-for-festivals\/"},{"@type":"ListItem","position":2,"name":"Pol\u00edtica de privacitat"}]},{"@type":"WebSite","@id":"https:\/\/moviesforfestivals.com\/#website","url":"https:\/\/moviesforfestivals.com\/","name":"Movies For Festivals","description":"Promotion &amp; film festival strategies","publisher":{"@id":"https:\/\/moviesforfestivals.com\/#organization"},"potentialAction":[{"@type":"SearchAction","target":{"@type":"EntryPoint","urlTemplate":"https:\/\/moviesforfestivals.com\/?s={search_term_string}"},"query-input":{"@type":"PropertyValueSpecification","valueRequired":true,"valueName":"search_term_string"}}],"inLanguage":"ca"},{"@type":"Organization","@id":"https:\/\/moviesforfestivals.com\/#organization","name":"Movies For Festivals","url":"https:\/\/moviesforfestivals.com\/","logo":{"@type":"ImageObject","inLanguage":"ca","@id":"https:\/\/moviesforfestivals.com\/#\/schema\/logo\/image\/","url":"https:\/\/moviesforfestivals.com\/wp-content\/uploads\/2023\/07\/Logo-MFF-NEGRE.png","contentUrl":"https:\/\/moviesforfestivals.com\/wp-content\/uploads\/2023\/07\/Logo-MFF-NEGRE.png","width":141,"height":65,"caption":"Movies For Festivals"},"image":{"@id":"https:\/\/moviesforfestivals.com\/#\/schema\/logo\/image\/"}}]}},"_links":{"self":[{"href":"https:\/\/moviesforfestivals.com\/ca\/wp-json\/wp\/v2\/pages\/1376","targetHints":{"allow":["GET"]}}],"collection":[{"href":"https:\/\/moviesforfestivals.com\/ca\/wp-json\/wp\/v2\/pages"}],"about":[{"href":"https:\/\/moviesforfestivals.com\/ca\/wp-json\/wp\/v2\/types\/page"}],"author":[{"embeddable":true,"href":"https:\/\/moviesforfestivals.com\/ca\/wp-json\/wp\/v2\/users\/3"}],"replies":[{"embeddable":true,"href":"https:\/\/moviesforfestivals.com\/ca\/wp-json\/wp\/v2\/comments?post=1376"}],"version-history":[{"count":4,"href":"https:\/\/moviesforfestivals.com\/ca\/wp-json\/wp\/v2\/pages\/1376\/revisions"}],"predecessor-version":[{"id":4769,"href":"https:\/\/moviesforfestivals.com\/ca\/wp-json\/wp\/v2\/pages\/1376\/revisions\/4769"}],"wp:attachment":[{"href":"https:\/\/moviesforfestivals.com\/ca\/wp-json\/wp\/v2\/media?parent=1376"}],"curies":[{"name":"wp","href":"https:\/\/api.w.org\/{rel}","templated":true}]}}