{"id":1360,"date":"2023-04-25T13:57:56","date_gmt":"2023-04-25T13:57:56","guid":{"rendered":"https:\/\/mff.ergatesweb7.ovh\/politica-de-cookies\/"},"modified":"2023-11-27T10:23:32","modified_gmt":"2023-11-27T10:23:32","slug":"politica-de-cookies","status":"publish","type":"page","link":"https:\/\/moviesforfestivals.com\/ca\/politica-de-cookies\/","title":{"rendered":"Pol\u00edtica de cookies"},"content":{"rendered":"<\/p>\n\n<style type=\"text\/css\" data-created_by=\"avia_inline_auto\" id=\"style-css-av-113ir-584a3eda24df9f1edd85250bfc3bae2b\">\n.flex_column.av-113ir-584a3eda24df9f1edd85250bfc3bae2b{\nborder-radius:0px 0px 0px 0px;\npadding:0px 0px 0px 0px;\n}\n<\/style>\n<div  class='flex_column av-113ir-584a3eda24df9f1edd85250bfc3bae2b av_one_full  avia-builder-el-0  avia-builder-el-no-sibling  first flex_column_div av-zero-column-padding  '     ><p>\n<style type=\"text\/css\" data-created_by=\"avia_inline_auto\" id=\"style-css-av-jj8fsul7-f4447940fc2153dcd4cc4ba278f1efb2\">\n#top .av-special-heading.av-jj8fsul7-f4447940fc2153dcd4cc4ba278f1efb2{\npadding-bottom:10px;\n}\nbody .av-special-heading.av-jj8fsul7-f4447940fc2153dcd4cc4ba278f1efb2 .av-special-heading-tag .heading-char{\nfont-size:25px;\n}\n.av-special-heading.av-jj8fsul7-f4447940fc2153dcd4cc4ba278f1efb2 .av-subheading{\nfont-size:15px;\n}\n<\/style>\n<div  class='av-special-heading av-jj8fsul7-f4447940fc2153dcd4cc4ba278f1efb2 av-special-heading-h1 blockquote modern-quote  avia-builder-el-1  el_before_av_textblock  avia-builder-el-first '><h1 class='av-special-heading-tag '  itemprop=\"headline\"  >Pol\u00edtica de cookies<\/h1><div class=\"special-heading-border\"><div class=\"special-heading-inner-border\"><\/div><\/div><\/div><br \/>\n<section  class='av_textblock_section av-jj8ft5xd-18e43c4982269d5cd65ff65555d7fb04 '   itemscope=\"itemscope\" itemtype=\"https:\/\/schema.org\/CreativeWork\" ><div class='avia_textblock taula-cookies'  itemprop=\"text\" ><h3>Qu\u00e8 s\u00f3n les cookies?<\/h3>\n<p>Una cookie \u00e9s un fitxer que es descarrega al seu ordinador en accedir a determinades p\u00e0gines web. Les cookies permeten a una p\u00e0gina web, entre altres coses, emmagatzemar i recuperar informaci\u00f3 sobre h\u00e0bits de navegaci\u00f3 d&#8217;un usuari o del seu equip i, depenent de la informaci\u00f3 que continguin i de la forma que utilitzi el seu equip, es poden utilitzar per recon\u00e8ixer a l&#8217;usuari .<\/p>\n<h3>Per a qu\u00e8 utilitza les cookies aquesta p\u00e0gina web i quins s\u00f3n?<\/h3>\n<p>Aquesta p\u00e0gina web utilitza les cookies per a una s\u00e8rie de finalitats, el detall de les cookies utilitzades en aquesta p\u00e0gina web \u00e9s el seg\u00fcent:<\/p>\n<table width=\"673\">\n<tbody>\n<tr>\n<td width=\"79\"><strong>Cookies<\/strong><\/td>\n<td width=\"62\"><strong>Nom<\/strong><\/td>\n<td width=\"69\"><strong>Tipus<\/strong><\/td>\n<td width=\"339\"><strong>Prop\u00f2sit<\/strong><\/td>\n<td width=\"123\"><strong>M\u00e9s informaci\u00f3<\/strong><\/td>\n<\/tr>\n<tr>\n<td width=\"79\">_ga<\/td>\n<td width=\"62\">GoogleAnalytics<\/td>\n<td width=\"69\">de tercers<\/td>\n<td width=\"339\">Aquest nom de la cookie est\u00e0 associat amb Google Universal Analytics, que \u00e9s una actualitzaci\u00f3 significativa del servei d&#8217;an\u00e0lisi de Google m\u00e9s utilitzat. Aquesta cookie s&#8217;utilitza per distingir usuaris \u00fanics assignant un n\u00famero generat aleat\u00f2riament com a identificador del client. S&#8217;inclou a cada sol\u00b7licitud de p\u00e0gina d&#8217;un lloc i s&#8217;utilitza per calcular les dades de visitants, sessions i campanyes per als informes d&#8217;an\u00e0lisi de llocs. De manera predeterminada, aquesta caducar\u00e0 despr\u00e9s de 2 anys, encara que aquesta sigui personalitzable pels propietaris del lloc web.<\/td>\n<td width=\"123\"><a href=\"https:\/\/marketingplatform.google.com\/about\/analytics\/\">https:\/\/marketingplatform.google.com\/about\/analytics\/<\/a><\/td>\n<\/tr>\n<tr>\n<td width=\"79\">_gid<\/td>\n<td width=\"62\">GoogleAnalytics<\/td>\n<td width=\"69\">de tercers<\/td>\n<td width=\"339\">Aquest nom de la cookie est\u00e0 associat amb Google Universal Analytics. Aquesta \u00e9s una nova cookie que emmagatzema i actualitza un valor \u00fanic per a cada p\u00e0gina visitada.<\/td>\n<td width=\"123\"><a href=\"https:\/\/marketingplatform.google.com\/about\/analytics\/\">https:\/\/marketingplatform.google.com\/about\/analytics\/<\/a><\/td>\n<\/tr>\n<tr>\n<td width=\"79\">_gat<\/td>\n<td width=\"62\">GoogleAnalytics<\/td>\n<td width=\"69\">de tercers<\/td>\n<td width=\"339\">Cookie associada a Google Universal Analytics, s&#8217;utilitza per accelerar el percentatge de sol\u00b7licituds, limitant la recopilaci\u00f3 de dades als llocs de tr\u00e0nsit elevats. Ven\u00e7 despr\u00e9s de 10 minuts.<\/td>\n<td width=\"123\"><a href=\"https:\/\/marketingplatform.google.com\/about\/analytics\/\">https:\/\/marketingplatform.google.com\/about\/analytics\/<\/a><\/td>\n<\/tr>\n<tr>\n<td width=\"79\">240planD<\/td>\n<td width=\"62\">240planD<\/td>\n<td width=\"69\">pr\u00f2pia<\/td>\n<td width=\"339\">Aquesta \u00e9s una cookie t\u00e8cnica l&#8217;\u00fas del qual \u00e9s espec\u00edfic per al nostre host OVH Roubaix i permet, entre altres coses, garantir la distribuci\u00f3 de la c\u00e0rrega en servidors.<\/td>\n<td width=\"123\"><\/td>\n<\/tr>\n<tr>\n<td width=\"79\">PHPSESSID<\/td>\n<td width=\"62\">PHPSESSID<\/td>\n<td width=\"69\">pr\u00f2pia<\/td>\n<td width=\"339\">Cookie generada per aplicacions basades en el llenguatge PHP. Aquest \u00e9s un identificador de prop\u00f2sit general utilitzat per mantenir les variables de sessi\u00f3 de l&#8217;usuari. Normalment \u00e9s un nombre generat aleat\u00f2riament, la forma en qu\u00e8 s&#8217;utilitza pot ser espec\u00edfica del lloc, per\u00f2 un exemple com\u00fa \u00e9s el de mantenir un estat d&#8217;usuari registrat d&#8217;un usuari entre p\u00e0gines.<\/td>\n<td width=\"123\"><a href=\"http:\/\/php.net\/manual\/en\/function.session-id.php\">http:\/\/php.net\/manual\/en\/function.session-id.php<\/a><\/td>\n<\/tr>\n<tr>\n<td width=\"79\">aviaCookieConsent<\/td>\n<td width=\"62\">aviaCookieConsent<\/td>\n<td width=\"69\">pr\u00f2pia<\/td>\n<td width=\"339\">Cookie que emmagatzema l&#8217;acceptaci\u00f3 o no de l&#8217;usuari a continuar navegant a la p\u00e0gina web.<\/td>\n<td width=\"123\"><\/td>\n<\/tr>\n<tr>\n<td width=\"79\">wordpress_test_cookie<\/td>\n<td width=\"62\">wordpress_test_cookie<\/td>\n<td width=\"69\">pr\u00f2pia<\/td>\n<td width=\"339\">Aquesta cookie s&#8217;utilitza perqu\u00e8 el gestor de continguts WordPress comprovi si el navegador t\u00e9 les cookies activades<\/td>\n<td width=\"123\"><\/td>\n<\/tr>\n<tr>\n<td width=\"79\">wordpress_logged_in_<\/td>\n<td width=\"62\">wordpress_logged_in_<\/td>\n<td width=\"69\">pr\u00f2pia<\/td>\n<td width=\"339\">Despr\u00e9s del loggin, WordPress activa la cookiewordpress_logged_in_, la funci\u00f3 \u00e9s indicar quan s&#8217;ha connectat i qui \u00e9s, sent utilitzat per la interf\u00edcie de WordPress.<\/td>\n<td width=\"123\"><\/td>\n<\/tr>\n<tr>\n<td width=\"79\">wp-settings-time-X, wp-settings-X<\/td>\n<td width=\"62\">wp-settings-time-X, wp-settings-X<\/td>\n<td width=\"69\">pr\u00f2pia<\/td>\n<td width=\"339\">Aquestes cookies s\u00f3n utilitzades per WordPress per personalitzar la interf\u00edcie d&#8217;usuari.<\/td>\n<td width=\"123\"><\/td>\n<\/tr>\n<\/tbody>\n<\/table>\n<p>Nota: Les cookies de tipus &#8216;pr\u00f2pies&#8217; s\u00f3n utilitzades nom\u00e9s pel propietari d&#8217;aquesta web i les cookies &#8216;De tercers&#8217; s\u00f3n utilitzades, pel prestador del servei que est\u00e0 detallat en el quadre anterior.<\/p>\n<h4>Com puc desactivar o eliminar aquestes cookies?<\/h4>\n<p>Pot vost\u00e8 permetre, bloquejar o eliminar les cookies instal\u00b7lades en el seu equip mitjan\u00e7ant la configuraci\u00f3 de les opcions del navegador en el vostre ordinador:<\/p>\n<ul>\n<li>Firefox: <a href=\"http:\/\/support.mozilla.org\/es\/kb\/habilitar-y-deshabilitar-cookies-que-los-sitios-we\">http:\/\/support.mozilla.org\/es\/kb\/habilitar-y-deshabilitar-cookies-que-los-sitios-we<\/a><\/li>\n<li>Chrome: <a href=\"http:\/\/support.google.com\/chrome\/bin\/answer.py?hl=es&#038;answer=95647\">http:\/\/support.google.com\/chrome\/bin\/answer.py?hl=es&#038;answer=95647<\/a><\/li>\n<li>Explorer: <a href=\"http:\/\/windows.microsoft.com\/es-es\/windows7\/how-to-manage-cookies-in-internet-explorer-9\">http:\/\/windows.microsoft.com\/es-es\/windows7\/how-to-manage-cookies-in-internet-explorer-9<\/a><\/li>\n<li>Safari: <a href=\"http:\/\/support.apple.com\/kb\/ph5042\">http:\/\/support.apple.com\/kb\/ph5042<\/a><\/li>\n<li>Opera: <a href=\"https:\/\/www.opera.com\/help\/tutorials\/security\/privacy\">https:\/\/www.opera.com\/help\/tutorials\/security\/privacy<\/a><\/li>\n<li>Altres navegadors: Consulteu la documentaci\u00f3 del navegador que tingui instal\u00b7lat.<\/li>\n<\/ul>\n<h4>Complement d&#8217;inhabilitaci\u00f3 per a navegadors de GoogleAnalytics<\/h4>\n<h3>Si voleu rebutjar les cookies anal\u00edtiques de GoogleAnalytics en tots els navegadors, de manera que no s&#8217;envi\u00ef informaci\u00f3 seva a GoogleAnalytics, pot descarregar un complement que realitza aquesta funci\u00f3 des d&#8217;aquest enlla\u00e7: <a href=\"https:\/\/tools.google.com\/dlpage\/gaoptout\">https:\/\/tools.google.com\/dlpage\/gaoptout<\/a><\/h3>\n<\/div><\/section><\/p><\/div>\n","protected":false},"excerpt":{"rendered":"","protected":false},"author":3,"featured_media":0,"parent":0,"menu_order":0,"comment_status":"closed","ping_status":"closed","template":"","meta":{"footnotes":""},"class_list":["post-1360","page","type-page","status-publish","hentry"],"yoast_head":"<!-- This site is optimized with the Yoast SEO plugin v27.3 - https:\/\/yoast.com\/product\/yoast-seo-wordpress\/ -->\n<title>Pol\u00edtica de cookies - Movies For Festivals<\/title>\n<meta name=\"robots\" content=\"index, follow, max-snippet:-1, max-image-preview:large, max-video-preview:-1\" \/>\n<link rel=\"canonical\" href=\"https:\/\/moviesforfestivals.com\/politica-de-cookies\/\" \/>\n<meta property=\"og:locale\" content=\"ca_ES\" \/>\n<meta property=\"og:type\" content=\"article\" \/>\n<meta property=\"og:title\" content=\"Pol\u00edtica de cookies - Movies For Festivals\" \/>\n<meta property=\"og:url\" content=\"https:\/\/moviesforfestivals.com\/politica-de-cookies\/\" \/>\n<meta property=\"og:site_name\" content=\"Movies For Festivals\" \/>\n<meta property=\"article:modified_time\" content=\"2023-11-27T10:23:32+00:00\" \/>\n<meta name=\"twitter:card\" content=\"summary_large_image\" \/>\n<meta name=\"twitter:label1\" content=\"Temps estimat de lectura\" \/>\n\t<meta name=\"twitter:data1\" content=\"4 minuts\" \/>\n<script type=\"application\/ld+json\" class=\"yoast-schema-graph\">{\"@context\":\"https:\\\/\\\/schema.org\",\"@graph\":[{\"@type\":\"WebPage\",\"@id\":\"https:\\\/\\\/moviesforfestivals.com\\\/politica-de-cookies\\\/\",\"url\":\"https:\\\/\\\/moviesforfestivals.com\\\/politica-de-cookies\\\/\",\"name\":\"Pol\u00edtica de cookies - Movies For Festivals\",\"isPartOf\":{\"@id\":\"https:\\\/\\\/moviesforfestivals.com\\\/#website\"},\"datePublished\":\"2023-04-25T13:57:56+00:00\",\"dateModified\":\"2023-11-27T10:23:32+00:00\",\"breadcrumb\":{\"@id\":\"https:\\\/\\\/moviesforfestivals.com\\\/politica-de-cookies\\\/#breadcrumb\"},\"inLanguage\":\"ca\",\"potentialAction\":[{\"@type\":\"ReadAction\",\"target\":[\"https:\\\/\\\/moviesforfestivals.com\\\/politica-de-cookies\\\/\"]}]},{\"@type\":\"BreadcrumbList\",\"@id\":\"https:\\\/\\\/moviesforfestivals.com\\\/politica-de-cookies\\\/#breadcrumb\",\"itemListElement\":[{\"@type\":\"ListItem\",\"position\":1,\"name\":\"Inici\",\"item\":\"https:\\\/\\\/moviesforfestivals.com\\\/ca\\\/movies-for-festivals\\\/\"},{\"@type\":\"ListItem\",\"position\":2,\"name\":\"Pol\u00edtica de cookies\"}]},{\"@type\":\"WebSite\",\"@id\":\"https:\\\/\\\/moviesforfestivals.com\\\/#website\",\"url\":\"https:\\\/\\\/moviesforfestivals.com\\\/\",\"name\":\"Movies For Festivals\",\"description\":\"Promotion &amp; film festival strategies\",\"publisher\":{\"@id\":\"https:\\\/\\\/moviesforfestivals.com\\\/#organization\"},\"potentialAction\":[{\"@type\":\"SearchAction\",\"target\":{\"@type\":\"EntryPoint\",\"urlTemplate\":\"https:\\\/\\\/moviesforfestivals.com\\\/?s={search_term_string}\"},\"query-input\":{\"@type\":\"PropertyValueSpecification\",\"valueRequired\":true,\"valueName\":\"search_term_string\"}}],\"inLanguage\":\"ca\"},{\"@type\":\"Organization\",\"@id\":\"https:\\\/\\\/moviesforfestivals.com\\\/#organization\",\"name\":\"Movies For Festivals\",\"url\":\"https:\\\/\\\/moviesforfestivals.com\\\/\",\"logo\":{\"@type\":\"ImageObject\",\"inLanguage\":\"ca\",\"@id\":\"https:\\\/\\\/moviesforfestivals.com\\\/#\\\/schema\\\/logo\\\/image\\\/\",\"url\":\"https:\\\/\\\/moviesforfestivals.com\\\/wp-content\\\/uploads\\\/2023\\\/07\\\/Logo-MFF-NEGRE.png\",\"contentUrl\":\"https:\\\/\\\/moviesforfestivals.com\\\/wp-content\\\/uploads\\\/2023\\\/07\\\/Logo-MFF-NEGRE.png\",\"width\":141,\"height\":65,\"caption\":\"Movies For Festivals\"},\"image\":{\"@id\":\"https:\\\/\\\/moviesforfestivals.com\\\/#\\\/schema\\\/logo\\\/image\\\/\"}}]}<\/script>\n<!-- \/ Yoast SEO plugin. -->","yoast_head_json":{"title":"Pol\u00edtica de cookies - Movies For Festivals","robots":{"index":"index","follow":"follow","max-snippet":"max-snippet:-1","max-image-preview":"max-image-preview:large","max-video-preview":"max-video-preview:-1"},"canonical":"https:\/\/moviesforfestivals.com\/politica-de-cookies\/","og_locale":"ca_ES","og_type":"article","og_title":"Pol\u00edtica de cookies - Movies For Festivals","og_url":"https:\/\/moviesforfestivals.com\/politica-de-cookies\/","og_site_name":"Movies For Festivals","article_modified_time":"2023-11-27T10:23:32+00:00","twitter_card":"summary_large_image","twitter_misc":{"Temps estimat de lectura":"4 minuts"},"schema":{"@context":"https:\/\/schema.org","@graph":[{"@type":"WebPage","@id":"https:\/\/moviesforfestivals.com\/politica-de-cookies\/","url":"https:\/\/moviesforfestivals.com\/politica-de-cookies\/","name":"Pol\u00edtica de cookies - Movies For Festivals","isPartOf":{"@id":"https:\/\/moviesforfestivals.com\/#website"},"datePublished":"2023-04-25T13:57:56+00:00","dateModified":"2023-11-27T10:23:32+00:00","breadcrumb":{"@id":"https:\/\/moviesforfestivals.com\/politica-de-cookies\/#breadcrumb"},"inLanguage":"ca","potentialAction":[{"@type":"ReadAction","target":["https:\/\/moviesforfestivals.com\/politica-de-cookies\/"]}]},{"@type":"BreadcrumbList","@id":"https:\/\/moviesforfestivals.com\/politica-de-cookies\/#breadcrumb","itemListElement":[{"@type":"ListItem","position":1,"name":"Inici","item":"https:\/\/moviesforfestivals.com\/ca\/movies-for-festivals\/"},{"@type":"ListItem","position":2,"name":"Pol\u00edtica de cookies"}]},{"@type":"WebSite","@id":"https:\/\/moviesforfestivals.com\/#website","url":"https:\/\/moviesforfestivals.com\/","name":"Movies For Festivals","description":"Promotion &amp; film festival strategies","publisher":{"@id":"https:\/\/moviesforfestivals.com\/#organization"},"potentialAction":[{"@type":"SearchAction","target":{"@type":"EntryPoint","urlTemplate":"https:\/\/moviesforfestivals.com\/?s={search_term_string}"},"query-input":{"@type":"PropertyValueSpecification","valueRequired":true,"valueName":"search_term_string"}}],"inLanguage":"ca"},{"@type":"Organization","@id":"https:\/\/moviesforfestivals.com\/#organization","name":"Movies For Festivals","url":"https:\/\/moviesforfestivals.com\/","logo":{"@type":"ImageObject","inLanguage":"ca","@id":"https:\/\/moviesforfestivals.com\/#\/schema\/logo\/image\/","url":"https:\/\/moviesforfestivals.com\/wp-content\/uploads\/2023\/07\/Logo-MFF-NEGRE.png","contentUrl":"https:\/\/moviesforfestivals.com\/wp-content\/uploads\/2023\/07\/Logo-MFF-NEGRE.png","width":141,"height":65,"caption":"Movies For Festivals"},"image":{"@id":"https:\/\/moviesforfestivals.com\/#\/schema\/logo\/image\/"}}]}},"_links":{"self":[{"href":"https:\/\/moviesforfestivals.com\/ca\/wp-json\/wp\/v2\/pages\/1360","targetHints":{"allow":["GET"]}}],"collection":[{"href":"https:\/\/moviesforfestivals.com\/ca\/wp-json\/wp\/v2\/pages"}],"about":[{"href":"https:\/\/moviesforfestivals.com\/ca\/wp-json\/wp\/v2\/types\/page"}],"author":[{"embeddable":true,"href":"https:\/\/moviesforfestivals.com\/ca\/wp-json\/wp\/v2\/users\/3"}],"replies":[{"embeddable":true,"href":"https:\/\/moviesforfestivals.com\/ca\/wp-json\/wp\/v2\/comments?post=1360"}],"version-history":[{"count":3,"href":"https:\/\/moviesforfestivals.com\/ca\/wp-json\/wp\/v2\/pages\/1360\/revisions"}],"predecessor-version":[{"id":1366,"href":"https:\/\/moviesforfestivals.com\/ca\/wp-json\/wp\/v2\/pages\/1360\/revisions\/1366"}],"wp:attachment":[{"href":"https:\/\/moviesforfestivals.com\/ca\/wp-json\/wp\/v2\/media?parent=1360"}],"curies":[{"name":"wp","href":"https:\/\/api.w.org\/{rel}","templated":true}]}}