{"id":1347,"date":"2023-07-19T11:54:13","date_gmt":"2023-07-19T11:54:13","guid":{"rendered":"https:\/\/mff.ergatesweb7.ovh\/declaracion-de-accesibilidad\/"},"modified":"2023-11-27T10:56:04","modified_gmt":"2023-11-27T10:56:04","slug":"declaracio-daccessibilitat","status":"publish","type":"page","link":"https:\/\/moviesforfestivals.com\/ca\/declaracio-daccessibilitat\/","title":{"rendered":"Declaraci\u00f3 d\u2019accessibilitat"},"content":{"rendered":"\n<style type=\"text\/css\" data-created_by=\"avia_inline_auto\" id=\"style-css-av-lk9nwu8x-71a3e66174fcc18898195f813ea76904\">\n#top .av-special-heading.av-lk9nwu8x-71a3e66174fcc18898195f813ea76904{\npadding-bottom:10px;\n}\nbody .av-special-heading.av-lk9nwu8x-71a3e66174fcc18898195f813ea76904 .av-special-heading-tag .heading-char{\nfont-size:25px;\n}\n.av-special-heading.av-lk9nwu8x-71a3e66174fcc18898195f813ea76904 .av-subheading{\nfont-size:15px;\n}\n<\/style>\n<div  class='av-special-heading av-lk9nwu8x-71a3e66174fcc18898195f813ea76904 av-special-heading-h1 blockquote modern-quote  avia-builder-el-0  el_before_av_textblock  avia-builder-el-first '><h1 class='av-special-heading-tag '  itemprop=\"headline\"  >Declaraci\u00f3 d\u2019accessibilitat<\/h1><div class=\"special-heading-border\"><div class=\"special-heading-inner-border\"><\/div><\/div><\/div>\n<section  class='av_textblock_section av-lk9o1118-4320a7d18887f212c4b7c6bf69adf433 '   itemscope=\"itemscope\" itemtype=\"https:\/\/schema.org\/CreativeWork\" ><div class='avia_textblock'  itemprop=\"text\" ><p>Johanna Tonini es compromet a fer accessible el vostre lloc web de conformitat amb el <a href=\"https:\/\/www.boe.es\/eli\/es\/rd\/2018\/09\/07\/1112\">Real Decreto 1112\/2018<\/a>, de 7 de setembre, sobre accessibilitat dels llocs web i aplicacions per a dispositius m\u00f2bils del sector p\u00fablic.<\/p>\n<p>Aquesta declaraci\u00f3 d&#8217;accessibilitat s&#8217;aplica a aquest lloc web.<\/p>\n<h2>Situaci\u00f3 de compliment<\/h2>\n<p>Aquest lloc web \u00e9s plenament conforme amb el RD 1112\/2018.<\/p>\n<h2>Contingut no accessible<\/h2>\n<p>El contingut que es recull a continuaci\u00f3 no \u00e9s accessible pel seg\u00fcent:<\/p>\n<p><strong>Manca de conformitat amb el RD 1112\/2018<\/strong><\/p>\n<p>Es poden trobar encara nidaments incorrectes d&#8217;etiquetes.<\/p>\n<p>Podrien haver-hi errors puntuals d&#8217;edici\u00f3 a la p\u00e0gina web.<\/p>\n<p><strong>C\u00e0rrega desproporcionada<\/strong><\/p>\n<p>No s&#8217;aplica.<\/p>\n<h2>Preparaci\u00f3 d&#8217;aquesta declaraci\u00f3 d&#8217;accessibilitat<\/h2>\n<p>Aquesta declaraci\u00f3 ha estat preparada el 05 de maig de 2023.<\/p>\n<p>El m\u00e8tode emprat per preparar la declaraci\u00f3 ha estat una autoavaluaci\u00f3 duta a terme per la pr\u00f2pia empresa.<\/p>\n<h2>Observacions i dades de contacte<\/h2>\n<p>Podeu realitzar comunicacions sobre requisits d&#8217;accessibilitat (article 10.2.a) del RD 1112\/2018) com per exemple:<\/p>\n<ul>\n<li>Informar sobre qualsevol possible incompliment per part d\u2019aquest lloc web.<\/li>\n<li>Transmetre altres dificultats per accedir al contingut.<\/li>\n<li>Formular qualsevol altra consulta o suggeriment de millora relativa a l\u2019accessibilitat del lloc web.<\/li>\n<\/ul>\n<p>A trav\u00e9s del nostre formulari de contacte, per tel\u00e8fon o de manera presencial a la nostra seu.<\/p>\n<p>Les comunicacions, les queixes i les sol\u00b7licituds d&#8217;informaci\u00f3 accessibles seran rebudes i tractades pel nostre equip.<\/p>\n<\/div><\/section>\n","protected":false},"excerpt":{"rendered":"","protected":false},"author":5,"featured_media":0,"parent":0,"menu_order":0,"comment_status":"closed","ping_status":"closed","template":"","meta":{"footnotes":""},"class_list":["post-1347","page","type-page","status-publish","hentry"],"yoast_head":"<!-- This site is optimized with the Yoast SEO plugin v27.3 - https:\/\/yoast.com\/product\/yoast-seo-wordpress\/ -->\n<title>Declaraci\u00f3 d\u2019accessibilitat - Movies For Festivals<\/title>\n<meta name=\"robots\" content=\"index, follow, max-snippet:-1, max-image-preview:large, max-video-preview:-1\" \/>\n<link rel=\"canonical\" href=\"https:\/\/moviesforfestivals.com\/declaracion-de-accesibilidad\/\" \/>\n<meta property=\"og:locale\" content=\"ca_ES\" \/>\n<meta property=\"og:type\" content=\"article\" \/>\n<meta property=\"og:title\" content=\"Declaraci\u00f3 d\u2019accessibilitat - Movies For Festivals\" \/>\n<meta property=\"og:url\" content=\"https:\/\/moviesforfestivals.com\/declaracion-de-accesibilidad\/\" \/>\n<meta property=\"og:site_name\" content=\"Movies For Festivals\" \/>\n<meta property=\"article:modified_time\" content=\"2023-11-27T10:56:04+00:00\" \/>\n<meta name=\"twitter:card\" content=\"summary_large_image\" \/>\n<meta name=\"twitter:label1\" content=\"Temps estimat de lectura\" \/>\n\t<meta name=\"twitter:data1\" content=\"2 minuts\" \/>\n<script type=\"application\/ld+json\" class=\"yoast-schema-graph\">{\"@context\":\"https:\\\/\\\/schema.org\",\"@graph\":[{\"@type\":\"WebPage\",\"@id\":\"https:\\\/\\\/moviesforfestivals.com\\\/declaracion-de-accesibilidad\\\/\",\"url\":\"https:\\\/\\\/moviesforfestivals.com\\\/declaracion-de-accesibilidad\\\/\",\"name\":\"Declaraci\u00f3 d\u2019accessibilitat - Movies For Festivals\",\"isPartOf\":{\"@id\":\"https:\\\/\\\/moviesforfestivals.com\\\/#website\"},\"datePublished\":\"2023-07-19T11:54:13+00:00\",\"dateModified\":\"2023-11-27T10:56:04+00:00\",\"breadcrumb\":{\"@id\":\"https:\\\/\\\/moviesforfestivals.com\\\/declaracion-de-accesibilidad\\\/#breadcrumb\"},\"inLanguage\":\"ca\",\"potentialAction\":[{\"@type\":\"ReadAction\",\"target\":[\"https:\\\/\\\/moviesforfestivals.com\\\/declaracion-de-accesibilidad\\\/\"]}]},{\"@type\":\"BreadcrumbList\",\"@id\":\"https:\\\/\\\/moviesforfestivals.com\\\/declaracion-de-accesibilidad\\\/#breadcrumb\",\"itemListElement\":[{\"@type\":\"ListItem\",\"position\":1,\"name\":\"Inici\",\"item\":\"https:\\\/\\\/moviesforfestivals.com\\\/ca\\\/movies-for-festivals\\\/\"},{\"@type\":\"ListItem\",\"position\":2,\"name\":\"Declaraci\u00f3 d\u2019accessibilitat\"}]},{\"@type\":\"WebSite\",\"@id\":\"https:\\\/\\\/moviesforfestivals.com\\\/#website\",\"url\":\"https:\\\/\\\/moviesforfestivals.com\\\/\",\"name\":\"Movies For Festivals\",\"description\":\"Promotion &amp; film festival strategies\",\"publisher\":{\"@id\":\"https:\\\/\\\/moviesforfestivals.com\\\/#organization\"},\"potentialAction\":[{\"@type\":\"SearchAction\",\"target\":{\"@type\":\"EntryPoint\",\"urlTemplate\":\"https:\\\/\\\/moviesforfestivals.com\\\/?s={search_term_string}\"},\"query-input\":{\"@type\":\"PropertyValueSpecification\",\"valueRequired\":true,\"valueName\":\"search_term_string\"}}],\"inLanguage\":\"ca\"},{\"@type\":\"Organization\",\"@id\":\"https:\\\/\\\/moviesforfestivals.com\\\/#organization\",\"name\":\"Movies For Festivals\",\"url\":\"https:\\\/\\\/moviesforfestivals.com\\\/\",\"logo\":{\"@type\":\"ImageObject\",\"inLanguage\":\"ca\",\"@id\":\"https:\\\/\\\/moviesforfestivals.com\\\/#\\\/schema\\\/logo\\\/image\\\/\",\"url\":\"https:\\\/\\\/moviesforfestivals.com\\\/wp-content\\\/uploads\\\/2023\\\/07\\\/Logo-MFF-NEGRE.png\",\"contentUrl\":\"https:\\\/\\\/moviesforfestivals.com\\\/wp-content\\\/uploads\\\/2023\\\/07\\\/Logo-MFF-NEGRE.png\",\"width\":141,\"height\":65,\"caption\":\"Movies For Festivals\"},\"image\":{\"@id\":\"https:\\\/\\\/moviesforfestivals.com\\\/#\\\/schema\\\/logo\\\/image\\\/\"}}]}<\/script>\n<!-- \/ Yoast SEO plugin. -->","yoast_head_json":{"title":"Declaraci\u00f3 d\u2019accessibilitat - Movies For Festivals","robots":{"index":"index","follow":"follow","max-snippet":"max-snippet:-1","max-image-preview":"max-image-preview:large","max-video-preview":"max-video-preview:-1"},"canonical":"https:\/\/moviesforfestivals.com\/declaracion-de-accesibilidad\/","og_locale":"ca_ES","og_type":"article","og_title":"Declaraci\u00f3 d\u2019accessibilitat - Movies For Festivals","og_url":"https:\/\/moviesforfestivals.com\/declaracion-de-accesibilidad\/","og_site_name":"Movies For Festivals","article_modified_time":"2023-11-27T10:56:04+00:00","twitter_card":"summary_large_image","twitter_misc":{"Temps estimat de lectura":"2 minuts"},"schema":{"@context":"https:\/\/schema.org","@graph":[{"@type":"WebPage","@id":"https:\/\/moviesforfestivals.com\/declaracion-de-accesibilidad\/","url":"https:\/\/moviesforfestivals.com\/declaracion-de-accesibilidad\/","name":"Declaraci\u00f3 d\u2019accessibilitat - Movies For Festivals","isPartOf":{"@id":"https:\/\/moviesforfestivals.com\/#website"},"datePublished":"2023-07-19T11:54:13+00:00","dateModified":"2023-11-27T10:56:04+00:00","breadcrumb":{"@id":"https:\/\/moviesforfestivals.com\/declaracion-de-accesibilidad\/#breadcrumb"},"inLanguage":"ca","potentialAction":[{"@type":"ReadAction","target":["https:\/\/moviesforfestivals.com\/declaracion-de-accesibilidad\/"]}]},{"@type":"BreadcrumbList","@id":"https:\/\/moviesforfestivals.com\/declaracion-de-accesibilidad\/#breadcrumb","itemListElement":[{"@type":"ListItem","position":1,"name":"Inici","item":"https:\/\/moviesforfestivals.com\/ca\/movies-for-festivals\/"},{"@type":"ListItem","position":2,"name":"Declaraci\u00f3 d\u2019accessibilitat"}]},{"@type":"WebSite","@id":"https:\/\/moviesforfestivals.com\/#website","url":"https:\/\/moviesforfestivals.com\/","name":"Movies For Festivals","description":"Promotion &amp; film festival strategies","publisher":{"@id":"https:\/\/moviesforfestivals.com\/#organization"},"potentialAction":[{"@type":"SearchAction","target":{"@type":"EntryPoint","urlTemplate":"https:\/\/moviesforfestivals.com\/?s={search_term_string}"},"query-input":{"@type":"PropertyValueSpecification","valueRequired":true,"valueName":"search_term_string"}}],"inLanguage":"ca"},{"@type":"Organization","@id":"https:\/\/moviesforfestivals.com\/#organization","name":"Movies For Festivals","url":"https:\/\/moviesforfestivals.com\/","logo":{"@type":"ImageObject","inLanguage":"ca","@id":"https:\/\/moviesforfestivals.com\/#\/schema\/logo\/image\/","url":"https:\/\/moviesforfestivals.com\/wp-content\/uploads\/2023\/07\/Logo-MFF-NEGRE.png","contentUrl":"https:\/\/moviesforfestivals.com\/wp-content\/uploads\/2023\/07\/Logo-MFF-NEGRE.png","width":141,"height":65,"caption":"Movies For Festivals"},"image":{"@id":"https:\/\/moviesforfestivals.com\/#\/schema\/logo\/image\/"}}]}},"_links":{"self":[{"href":"https:\/\/moviesforfestivals.com\/ca\/wp-json\/wp\/v2\/pages\/1347","targetHints":{"allow":["GET"]}}],"collection":[{"href":"https:\/\/moviesforfestivals.com\/ca\/wp-json\/wp\/v2\/pages"}],"about":[{"href":"https:\/\/moviesforfestivals.com\/ca\/wp-json\/wp\/v2\/types\/page"}],"author":[{"embeddable":true,"href":"https:\/\/moviesforfestivals.com\/ca\/wp-json\/wp\/v2\/users\/5"}],"replies":[{"embeddable":true,"href":"https:\/\/moviesforfestivals.com\/ca\/wp-json\/wp\/v2\/comments?post=1347"}],"version-history":[{"count":3,"href":"https:\/\/moviesforfestivals.com\/ca\/wp-json\/wp\/v2\/pages\/1347\/revisions"}],"predecessor-version":[{"id":1400,"href":"https:\/\/moviesforfestivals.com\/ca\/wp-json\/wp\/v2\/pages\/1347\/revisions\/1400"}],"wp:attachment":[{"href":"https:\/\/moviesforfestivals.com\/ca\/wp-json\/wp\/v2\/media?parent=1347"}],"curies":[{"name":"wp","href":"https:\/\/api.w.org\/{rel}","templated":true}]}}